{"id":2,"date":"2016-05-10T03:48:21","date_gmt":"2016-05-10T03:48:21","guid":{"rendered":"http:\/\/lucke-amrum.de\/?page_id=2"},"modified":"2019-06-30T09:37:24","modified_gmt":"2019-06-30T09:37:24","slug":"sample-page","status":"publish","type":"page","link":"https:\/\/lucke-amrum.de\/","title":{"rendered":"Startseite"},"content":{"rendered":"<p>[et_pb_section fb_built=&#8220;1&#8243; fullwidth=&#8220;on&#8220; _builder_version=&#8220;3.25.3&#8243;][et_pb_fullwidth_image src=&#8220;http:\/\/lucke-amrum.de\/wp-content\/uploads\/2019\/06\/HEADDER.jpg&#8220; _builder_version=&#8220;3.25.3&#8243; min_height=&#8220;106px&#8220; custom_padding=&#8220;||0px|||&#8220;][\/et_pb_fullwidth_image][\/et_pb_section][et_pb_section fb_built=&#8220;1&#8243; fullwidth=&#8220;on&#8220; _builder_version=&#8220;3.25.3&#8243;][et_pb_fullwidth_slider _builder_version=&#8220;3.25.3&#8243; custom_margin=&#8220;0px|||||&#8220; custom_padding=&#8220;3px|||||&#8220; animation_style=&#8220;fade&#8220; animation_duration=&#8220;1850ms&#8220; auto=&#8220;on&#8220; auto_speed=&#8220;5000&#8243; auto_ignore_hover=&#8220;on&#8220;][et_pb_slide heading=&#8220;Willkommen auf meiner Website&#8220; _builder_version=&#8220;3.25.3&#8243; background_image=&#8220;http:\/\/lucke-amrum.de\/wp-content\/uploads\/2019\/06\/Hausneu-1.jpg&#8220;][\/et_pb_slide][et_pb_slide _builder_version=&#8220;3.25.3&#8243; background_image=&#8220;http:\/\/lucke-amrum.de\/wp-content\/uploads\/2019\/06\/IMG_0611.jpg&#8220;][\/et_pb_slide][et_pb_slide _builder_version=&#8220;3.25.3&#8243; background_image=&#8220;http:\/\/lucke-amrum.de\/wp-content\/uploads\/2019\/06\/IMG_0615.jpg&#8220;][\/et_pb_slide][\/et_pb_fullwidth_slider][\/et_pb_section][et_pb_section fb_built=&#8220;1&#8243; _builder_version=&#8220;3.22.3&#8243; custom_margin=&#8220;||-1px|||&#8220; custom_padding=&#8220;0px||0px|||&#8220;][et_pb_row _builder_version=&#8220;3.25&#8243; background_size=&#8220;initial&#8220; background_position=&#8220;top_left&#8220; background_repeat=&#8220;repeat&#8220; custom_padding=&#8220;||0px|||&#8220;][et_pb_column type=&#8220;4_4&#8243; _builder_version=&#8220;3.25&#8243; custom_padding=&#8220;|||&#8220; custom_padding__hover=&#8220;|||&#8220;][et_pb_text _builder_version=&#8220;3.25.3&#8243; background_size=&#8220;initial&#8220; background_position=&#8220;top_left&#8220; background_repeat=&#8220;repeat&#8220; min_height=&#8220;266px&#8220; custom_margin=&#8220;||-5px|||&#8220; custom_padding=&#8220;||1px|||&#8220;]<\/p>\n<h3><span style=\"font-size: 22px;\">Amrum ist sch\u00f6n zu jeder Jahreszeit&#8230;<\/span><\/h3>\n<p>ob im Winter oder Sommer &#8211; Amrum ist Erholung pur!<br \/> Wandern am breitesten Sandstrand Europas, durch D\u00fcnen oder Wald. Unser Haus liegt in S\u00fcddorf, dem \u00e4ltesten Friesendorf der Insel. Den Hofladen mit Br\u00f6tchenverkauf erreichen Sie in 5 Minuten. Zum Strand fahren Sie mit dem Fahrrad ca.10 Minuten.<\/p>\n<p>[\/et_pb_text][\/et_pb_column][\/et_pb_row][\/et_pb_section]<\/p>\n","protected":false},"excerpt":{"rendered":"<p>Amrum ist sch\u00f6n zu jeder Jahreszeit&#8230; ob im Winter oder Sommer &#8211; Amrum ist Erholung pur! Wandern am breitesten Sandstrand Europas, durch D\u00fcnen oder Wald. Unser Haus liegt in S\u00fcddorf, dem \u00e4ltesten Friesendorf der Insel. Den Hofladen mit Br\u00f6tchenverkauf erreichen Sie in 5 Minuten. Zum Strand fahren Sie mit dem Fahrrad ca.10 Minuten.<\/p>\n","protected":false},"author":1,"featured_media":0,"parent":0,"menu_order":0,"comment_status":"closed","ping_status":"closed","template":"","meta":{"_et_pb_use_builder":"on","_et_pb_old_content":"This is an example page. It's different from a blog post because it will stay in one place and will show up in your site navigation (in most themes). Most people start with an About page that introduces them to potential site visitors. It might say something like this:\n<blockquote>Hi there! I'm a bike messenger by day, aspiring actor by night, and this is my website. I live in Los Angeles, have a great dog named Jack, and I like pi\u00f1a coladas. (And gettin' caught in the rain.)<\/blockquote>\n...or something like this:\n<blockquote>The XYZ Doohickey Company was founded in 1971, and has been providing quality doohickeys to the public ever since. Located in Gotham City, XYZ employs over 2,000 people and does all kinds of awesome things for the Gotham community.<\/blockquote>\nAs a new WordPress user, you should go to <a href=\"http:\/\/lucke-amrum.de\/wp-admin\/\">your dashboard<\/a> to delete this page and create new pages for your content. Have fun!","_et_gb_content_width":"","footnotes":""},"_links":{"self":[{"href":"https:\/\/lucke-amrum.de\/index.php?rest_route=\/wp\/v2\/pages\/2"}],"collection":[{"href":"https:\/\/lucke-amrum.de\/index.php?rest_route=\/wp\/v2\/pages"}],"about":[{"href":"https:\/\/lucke-amrum.de\/index.php?rest_route=\/wp\/v2\/types\/page"}],"author":[{"embeddable":true,"href":"https:\/\/lucke-amrum.de\/index.php?rest_route=\/wp\/v2\/users\/1"}],"replies":[{"embeddable":true,"href":"https:\/\/lucke-amrum.de\/index.php?rest_route=%2Fwp%2Fv2%2Fcomments&post=2"}],"version-history":[{"count":10,"href":"https:\/\/lucke-amrum.de\/index.php?rest_route=\/wp\/v2\/pages\/2\/revisions"}],"predecessor-version":[{"id":94,"href":"https:\/\/lucke-amrum.de\/index.php?rest_route=\/wp\/v2\/pages\/2\/revisions\/94"}],"wp:attachment":[{"href":"https:\/\/lucke-amrum.de\/index.php?rest_route=%2Fwp%2Fv2%2Fmedia&parent=2"}],"curies":[{"name":"wp","href":"https:\/\/api.w.org\/{rel}","templated":true}]}}